{"id":11,"date":"2021-08-30T10:47:41","date_gmt":"2021-03-09T09:03:37","guid":{"rendered":"https:\/\/new.ifdp-africa.org\/?page_id=11"},"modified":"2021-08-30T10:47:41","modified_gmt":"2021-03-09T09:03:37","slug":"about-us","status":"publish","type":"page","link":"https:\/\/ifdprdc.org\/index.php\/about-us\/","title":{"rendered":"A propos de nous"},"content":{"rendered":"\n<p><strong>Innovation et Formation pour le <span class=\"has-inline-color has-yellow-color\">D\u00e9veloppement et la Paix \u00ab\u00a0IFDP\u00a0\u00bb.<\/span><\/strong><\/p>\n\n\n\n<p>L\u2019Innovation et Formation pour le D\u00e9veloppement et la Paix (IFDP) est une Organisation non gouvernementale \u00e0 caract\u00e8re non lucratif, membre de la Soci\u00e9t\u00e9 civile congolaise (Sud-Kivu). Son si\u00e8ge social se trouve \u00e0 Bukavu \u00e0 l\u2019Est de la R\u00e9publique D\u00e9mocratique du Congo (RDC). Le champ d\u2019intervention de l\u2019IFDP est toute la province du Sud-Kivu. L\u2019IFDP est une organisation d\u2019appui.<\/p>\n\n\n\n<div class=\"wp-block-columns has-gray-background-color has-background is-layout-flex wp-container-core-columns-is-layout-28f84493 wp-block-columns-is-layout-flex\">\n<div class=\"wp-block-column is-layout-flow wp-block-column-is-layout-flow\">\n<h5 class=\"wp-block-heading\">Depuis 2002<\/h5>\n\n\n\n<p><strong>Notre vision<\/strong><br \/>Une R\u00e9publique D\u00e9mocratique du Congo o\u00f9 une paix durable, une justice \u00e9quitable et une meilleure gouvernance des ressources naturelles sont promues pour et avec tous les congolais<\/p>\n\n\n\n<p><strong><strong>Nos valeurs et principes<\/strong><\/strong><br \/> <\/p>\n\n\n\n<p>Dignit\u00e9, Confiance, Participation, Engagement, Transparence, Equit\u00e9, Responsabilit\u00e9, Redevabilit\u00e9, Independence,  Esprit d\u2019\u00e9quipe<\/p>\n\n\n\n<p><\/p>\n\n\n\n<p><\/p>\n<\/div>\n\n\n\n<div class=\"wp-block-column is-vertically-aligned-top is-layout-flow wp-block-column-is-layout-flow\">\n<h5 class=\"wp-block-heading\">op\u00e9rationnel dans 6 ETD <\/h5>\n\n\n\n<p>1.La Chefferie de Kabare <\/p>\n\n\n\n<p>2.La Chefferie de Ngweshe <\/p>\n\n\n\n<p>3.La Chefferie de Bafuliru (Moyens plateaux d&rsquo;Uvira) <\/p>\n\n\n\n<p>4.La Chefferie de la Plaine (Plaine de la Ruzizi) <\/p>\n\n\n\n<p>5. La Chefferie de Bavira <\/p>\n\n\n\n<p>6. Le Secteur d&rsquo;Itombwe<\/p>\n<\/div>\n\n\n\n<div class=\"wp-block-column is-layout-flow wp-block-column-is-layout-flow\">\n<h5 class=\"wp-block-heading\">Quelques statistiques entre 2013 et 2021 des r\u00e9alisations <\/h5>\n\n\n\n<p>\u2022Plus de 2208 conflits fonciers (limites parcellaire, remise en cause des droits, successions, etc). <\/p>\n\n\n\n<p>\u202210358 parcelles reconnues.<\/p>\n\n\n\n<p>\u20226.320 Titres Fonciers Locaux d\u00e9livr\u00e9s par des Chefferies. <\/p>\n\n\n\n<p>\u202220 cartes fonci\u00e8res disponibles (de Kamanyola, Lemera-centre, Bwegera, Kabunambo, Kigoma et Bavira.Cirunga-centre, Cirahengulwa, Cinjoma, etc). <\/p>\n\n\n\n<p>\u202272 GRF op\u00e9rationnels au niveau des sous- villages.-<\/p>\n<\/div>\n<\/div>\n\n\n\n<div class=\"wp-block-columns has-gray-background-color has-background is-layout-flex wp-container-core-columns-is-layout-28f84493 wp-block-columns-is-layout-flex\">\n<div class=\"wp-block-column is-layout-flow wp-block-column-is-layout-flow\">\n<h4 class=\"wp-block-heading\"><em><strong>Nos approches:<\/strong><\/em> <\/h4>\n\n\n\n<h6 class=\"wp-block-heading\"><em><strong>LA CARTOGRAPHIE PARTICIPATIVE<\/strong><\/em> <\/h6>\n\n\n\n<figure class=\"wp-block-image size-full is-resized\"><img loading=\"lazy\" decoding=\"async\" src=\"https:\/\/new.ifdp-africa.org\/wp-content\/uploads\/2021\/09\/cartho-e1631005311761.jpg\" alt=\"\" class=\"wp-image-2580\" width=\"166\" height=\"128\" srcset=\"https:\/\/ifdprdc.org\/wp-content\/uploads\/2021\/09\/cartho-e1631005311761.jpg 442w, https:\/\/ifdprdc.org\/wp-content\/uploads\/2021\/09\/cartho-e1631005311761-300x233.jpg 300w\" sizes=\"auto, (max-width: 166px) 100vw, 166px\" \/><figcaption>Carte fonci\u00e8re de Cirhahengulwa sous-village de Katana \u00e0 Kabare Sud-Kivu en RDC <\/figcaption><\/figure>\n\n\n\n<figure class=\"wp-block-image size-full is-resized\"><img loading=\"lazy\" decoding=\"async\" src=\"https:\/\/new.ifdp-africa.org\/wp-content\/uploads\/2021\/09\/cartes-koko-1-e1631005382421.jpg\" alt=\"\" class=\"wp-image-2581\" width=\"167\" height=\"83\" srcset=\"https:\/\/ifdprdc.org\/wp-content\/uploads\/2021\/09\/cartes-koko-1-e1631005382421.jpg 777w, https:\/\/ifdprdc.org\/wp-content\/uploads\/2021\/09\/cartes-koko-1-e1631005382421-300x150.jpg 300w, https:\/\/ifdprdc.org\/wp-content\/uploads\/2021\/09\/cartes-koko-1-e1631005382421-768x384.jpg 768w\" sizes=\"auto, (max-width: 167px) 100vw, 167px\" \/><figcaption>Carte fonci\u00e8re de Cinjoma \u00e0 Mudaka&nbsp; Sud-Kivu en RDC<\/figcaption><\/figure>\n\n\n\n<p><\/p>\n<\/div>\n\n\n\n<div class=\"wp-block-column is-vertically-aligned-top is-layout-flow wp-block-column-is-layout-flow\">\n<h6 class=\"wp-block-heading\"> <strong><em>DISPOSITIF DE GESTION FONCIERE <br \/>DECENTRALISEE A BASE COUTUMIERE<\/em><\/strong> <\/h6>\n\n\n\n<figure class=\"wp-block-image size-full\"><img loading=\"lazy\" decoding=\"async\" width=\"694\" height=\"471\" src=\"https:\/\/new.ifdp-africa.org\/wp-content\/uploads\/2021\/09\/REMISE-e1631005170867.jpg\" alt=\"\" class=\"wp-image-2578\" srcset=\"https:\/\/ifdprdc.org\/wp-content\/uploads\/2021\/09\/REMISE-e1631005170867.jpg 694w, https:\/\/ifdprdc.org\/wp-content\/uploads\/2021\/09\/REMISE-e1631005170867-300x204.jpg 300w\" sizes=\"auto, (max-width: 694px) 100vw, 694px\" \/><figcaption>Remise officielle du certificat foncier local par sa Majest\u00e9 Mwami KABARE&nbsp; &nbsp;Sud-Kivu en RDC<\/figcaption><\/figure>\n\n\n\n<figure class=\"wp-block-image size-full\"><img loading=\"lazy\" decoding=\"async\" width=\"390\" height=\"280\" src=\"https:\/\/new.ifdp-africa.org\/wp-content\/uploads\/2021\/09\/ENQUETTE-e1631005090120.jpg\" alt=\"\" class=\"wp-image-2575\" srcset=\"https:\/\/ifdprdc.org\/wp-content\/uploads\/2021\/09\/ENQUETTE-e1631005090120.jpg 390w, https:\/\/ifdprdc.org\/wp-content\/uploads\/2021\/09\/ENQUETTE-e1631005090120-300x215.jpg 300w\" sizes=\"auto, (max-width: 390px) 100vw, 390px\" \/><figcaption>Sur terrain l\u2019\u00e9quipe Chefferie des Bavira \u00e0 Uvira\u00a0 dans le Sud-Kivu en RDC<\/figcaption><\/figure>\n<\/div>\n\n\n\n<div class=\"wp-block-column is-layout-flow wp-block-column-is-layout-flow\">\n<h6 class=\"wp-block-heading\"> <em><strong>L&rsquo;AGRICULTURE POUR LA <em><strong>PAIX<\/strong><\/em>  (AGRIPAX)<\/strong><\/em>  <\/h6>\n\n\n\n<figure class=\"wp-block-image size-full\"><img loading=\"lazy\" decoding=\"async\" width=\"501\" height=\"329\" src=\"http:\/\/ifdprdc.org\/wp\/wp-content\/uploads\/2021\/09\/AGRIPAX.jpg\" alt=\"\" class=\"wp-image-2571\" srcset=\"https:\/\/ifdprdc.org\/wp-content\/uploads\/2021\/09\/AGRIPAX.jpg 501w, https:\/\/ifdprdc.org\/wp-content\/uploads\/2021\/09\/AGRIPAX-300x197.jpg 300w\" sizes=\"auto, (max-width: 501px) 100vw, 501px\" \/><figcaption>La culture de subsistance pratiqu\u00e9e par le petit paysan<\/figcaption><\/figure>\n\n\n\n<figure class=\"wp-block-image size-full\"><img loading=\"lazy\" decoding=\"async\" width=\"521\" height=\"336\" src=\"http:\/\/ifdprdc.org\/wp\/wp-content\/uploads\/2021\/09\/AGRIPAX2.jpg\" alt=\"\" class=\"wp-image-2587\" srcset=\"https:\/\/ifdprdc.org\/wp-content\/uploads\/2021\/09\/AGRIPAX2.jpg 521w, https:\/\/ifdprdc.org\/wp-content\/uploads\/2021\/09\/AGRIPAX2-300x193.jpg 300w\" sizes=\"auto, (max-width: 521px) 100vw, 521px\" \/><figcaption>R\u00e9union dans la plaine de la Ruzizi sur la sensibilisation sur l\u2019Agripax<\/figcaption><\/figure>\n<\/div>\n\n\n\n<div class=\"wp-block-column is-layout-flow wp-block-column-is-layout-flow\">\n<h6 class=\"wp-block-heading\"> <strong><em>SOCIOTHERAPIE<\/em><\/strong>  <\/h6>\n\n\n\n<figure class=\"wp-block-image size-full\"><img loading=\"lazy\" decoding=\"async\" width=\"527\" height=\"242\" src=\"http:\/\/ifdprdc.org\/wp\/wp-content\/uploads\/2021\/09\/SOCIAUX.jpg\" alt=\"\" class=\"wp-image-2576\" srcset=\"https:\/\/ifdprdc.org\/wp-content\/uploads\/2021\/09\/SOCIAUX.jpg 527w, https:\/\/ifdprdc.org\/wp-content\/uploads\/2021\/09\/SOCIAUX-300x138.jpg 300w\" sizes=\"auto, (max-width: 527px) 100vw, 527px\" \/><figcaption>S\u00e9ance de formation \u00e0 Cibimbi \u00e0 Nyangezi Sud-Kivu en RDC<\/figcaption><\/figure>\n\n\n\n<figure class=\"wp-block-image size-full\"><img loading=\"lazy\" decoding=\"async\" width=\"719\" height=\"488\" src=\"https:\/\/new.ifdp-africa.org\/wp-content\/uploads\/2021\/09\/SOCIAUX2-e1631005192326.jpg\" alt=\"\" class=\"wp-image-2577\" srcset=\"https:\/\/ifdprdc.org\/wp-content\/uploads\/2021\/09\/SOCIAUX2-e1631005192326.jpg 719w, https:\/\/ifdprdc.org\/wp-content\/uploads\/2021\/09\/SOCIAUX2-e1631005192326-300x204.jpg 300w\" sizes=\"auto, (max-width: 719px) 100vw, 719px\" \/><figcaption>Formation des facilitateurs \u00e0 Bwegera dans la plaine de la Ruzizi Sud-Kivu en RDC<\/figcaption><\/figure>\n\n\n\n<p><\/p>\n<\/div>\n<\/div>\n\n\n\n<p><strong>Nous r\u00e9alisons ce travail avec l&rsquo;appui de<\/strong> :<\/p>\n\n\n\n<p>International Alert, CCFD-France, Coop\u00e9ration Suisse, USAID, IUCN\/Pays-Bas, Women for Women International, CORDAID, Rights &amp; Resources&nbsp; Initiative\/USA, IRCT\/Danemark.<\/p>\n","protected":false},"excerpt":{"rendered":"<p>Innovation et Formation pour le D\u00e9veloppement et la Paix \u00ab\u00a0IFDP\u00a0\u00bb. L\u2019Innovation et Formation pour le D\u00e9veloppement et la Paix (IFDP) est une Organisation non gouvernementale \u00e0 caract\u00e8re non lucratif, membre de la Soci\u00e9t\u00e9 civile congolaise (Sud-Kivu). Son si\u00e8ge social se trouve \u00e0 Bukavu \u00e0 l\u2019Est de la R\u00e9publique D\u00e9mocratique du Congo (RDC). Le champ d\u2019intervention [&hellip;]<\/p>\n","protected":false},"author":2,"featured_media":0,"parent":0,"menu_order":0,"comment_status":"closed","ping_status":"closed","template":"","meta":{"footnotes":""},"class_list":["post-11","page","type-page","status-publish","hentry"],"yoast_head":"<!-- This site is optimized with the Yoast SEO plugin v27.5 - https:\/\/yoast.com\/product\/yoast-seo-wordpress\/ -->\n<title>A propos de nous - IFDP<\/title>\n<meta name=\"robots\" content=\"index, follow, max-snippet:-1, max-image-preview:large, max-video-preview:-1\" \/>\n<link rel=\"canonical\" href=\"https:\/\/ifdprdc.org\/index.php\/about-us\/\" \/>\n<meta property=\"og:locale\" content=\"fr_FR\" \/>\n<meta property=\"og:type\" content=\"article\" \/>\n<meta property=\"og:title\" content=\"A propos de nous - IFDP\" \/>\n<meta property=\"og:description\" content=\"Innovation et Formation pour le D\u00e9veloppement et la Paix \u00ab\u00a0IFDP\u00a0\u00bb. L\u2019Innovation et Formation pour le D\u00e9veloppement et la Paix (IFDP) est une Organisation non gouvernementale \u00e0 caract\u00e8re non lucratif, membre de la Soci\u00e9t\u00e9 civile congolaise (Sud-Kivu). Son si\u00e8ge social se trouve \u00e0 Bukavu \u00e0 l\u2019Est de la R\u00e9publique D\u00e9mocratique du Congo (RDC). Le champ d\u2019intervention [&hellip;]\" \/>\n<meta property=\"og:url\" content=\"https:\/\/ifdprdc.org\/index.php\/about-us\/\" \/>\n<meta property=\"og:site_name\" content=\"IFDP\" \/>\n<meta property=\"og:image\" content=\"https:\/\/new.ifdp-africa.org\/wp-content\/uploads\/2021\/09\/cartho-e1631005311761.jpg\" \/>\n<meta name=\"twitter:card\" content=\"summary_large_image\" \/>\n<meta name=\"twitter:label1\" content=\"Dur\u00e9e de lecture estim\u00e9e\" \/>\n\t<meta name=\"twitter:data1\" content=\"4 minutes\" \/>\n<script type=\"application\/ld+json\" class=\"yoast-schema-graph\">{\"@context\":\"https:\\\/\\\/schema.org\",\"@graph\":[{\"@type\":\"WebPage\",\"@id\":\"https:\\\/\\\/ifdprdc.org\\\/index.php\\\/about-us\\\/\",\"url\":\"https:\\\/\\\/ifdprdc.org\\\/index.php\\\/about-us\\\/\",\"name\":\"A propos de nous - IFDP\",\"isPartOf\":{\"@id\":\"https:\\\/\\\/ifdprdc.org\\\/#website\"},\"primaryImageOfPage\":{\"@id\":\"https:\\\/\\\/ifdprdc.org\\\/index.php\\\/about-us\\\/#primaryimage\"},\"image\":{\"@id\":\"https:\\\/\\\/ifdprdc.org\\\/index.php\\\/about-us\\\/#primaryimage\"},\"thumbnailUrl\":\"https:\\\/\\\/new.ifdp-africa.org\\\/wp-content\\\/uploads\\\/2021\\\/09\\\/cartho-e1631005311761.jpg\",\"datePublished\":\"2021-03-09T09:03:37+00:00\",\"breadcrumb\":{\"@id\":\"https:\\\/\\\/ifdprdc.org\\\/index.php\\\/about-us\\\/#breadcrumb\"},\"inLanguage\":\"fr-FR\",\"potentialAction\":[{\"@type\":\"ReadAction\",\"target\":[\"https:\\\/\\\/ifdprdc.org\\\/index.php\\\/about-us\\\/\"]}]},{\"@type\":\"ImageObject\",\"inLanguage\":\"fr-FR\",\"@id\":\"https:\\\/\\\/ifdprdc.org\\\/index.php\\\/about-us\\\/#primaryimage\",\"url\":\"https:\\\/\\\/new.ifdp-africa.org\\\/wp-content\\\/uploads\\\/2021\\\/09\\\/cartho-e1631005311761.jpg\",\"contentUrl\":\"https:\\\/\\\/new.ifdp-africa.org\\\/wp-content\\\/uploads\\\/2021\\\/09\\\/cartho-e1631005311761.jpg\"},{\"@type\":\"BreadcrumbList\",\"@id\":\"https:\\\/\\\/ifdprdc.org\\\/index.php\\\/about-us\\\/#breadcrumb\",\"itemListElement\":[{\"@type\":\"ListItem\",\"position\":1,\"name\":\"Accueil\",\"item\":\"https:\\\/\\\/ifdprdc.org\\\/\"},{\"@type\":\"ListItem\",\"position\":2,\"name\":\"A propos de nous\"}]},{\"@type\":\"WebSite\",\"@id\":\"https:\\\/\\\/ifdprdc.org\\\/#website\",\"url\":\"https:\\\/\\\/ifdprdc.org\\\/\",\"name\":\"IFDP\",\"description\":\"Innovation et Formation pour le Development et la Paix\",\"publisher\":{\"@id\":\"https:\\\/\\\/ifdprdc.org\\\/#organization\"},\"potentialAction\":[{\"@type\":\"SearchAction\",\"target\":{\"@type\":\"EntryPoint\",\"urlTemplate\":\"https:\\\/\\\/ifdprdc.org\\\/?s={search_term_string}\"},\"query-input\":{\"@type\":\"PropertyValueSpecification\",\"valueRequired\":true,\"valueName\":\"search_term_string\"}}],\"inLanguage\":\"fr-FR\"},{\"@type\":\"Organization\",\"@id\":\"https:\\\/\\\/ifdprdc.org\\\/#organization\",\"name\":\"IFDP\",\"url\":\"https:\\\/\\\/ifdprdc.org\\\/\",\"logo\":{\"@type\":\"ImageObject\",\"inLanguage\":\"fr-FR\",\"@id\":\"https:\\\/\\\/ifdprdc.org\\\/#\\\/schema\\\/logo\\\/image\\\/\",\"url\":\"https:\\\/\\\/ifdprdc.org\\\/wp-content\\\/uploads\\\/2021\\\/09\\\/logo-ifdp.jpg\",\"contentUrl\":\"https:\\\/\\\/ifdprdc.org\\\/wp-content\\\/uploads\\\/2021\\\/09\\\/logo-ifdp.jpg\",\"width\":438,\"height\":166,\"caption\":\"IFDP\"},\"image\":{\"@id\":\"https:\\\/\\\/ifdprdc.org\\\/#\\\/schema\\\/logo\\\/image\\\/\"}}]}<\/script>\n<!-- \/ Yoast SEO plugin. -->","yoast_head_json":{"title":"A propos de nous - IFDP","robots":{"index":"index","follow":"follow","max-snippet":"max-snippet:-1","max-image-preview":"max-image-preview:large","max-video-preview":"max-video-preview:-1"},"canonical":"https:\/\/ifdprdc.org\/index.php\/about-us\/","og_locale":"fr_FR","og_type":"article","og_title":"A propos de nous - IFDP","og_description":"Innovation et Formation pour le D\u00e9veloppement et la Paix \u00ab\u00a0IFDP\u00a0\u00bb. L\u2019Innovation et Formation pour le D\u00e9veloppement et la Paix (IFDP) est une Organisation non gouvernementale \u00e0 caract\u00e8re non lucratif, membre de la Soci\u00e9t\u00e9 civile congolaise (Sud-Kivu). Son si\u00e8ge social se trouve \u00e0 Bukavu \u00e0 l\u2019Est de la R\u00e9publique D\u00e9mocratique du Congo (RDC). Le champ d\u2019intervention [&hellip;]","og_url":"https:\/\/ifdprdc.org\/index.php\/about-us\/","og_site_name":"IFDP","og_image":[{"url":"https:\/\/new.ifdp-africa.org\/wp-content\/uploads\/2021\/09\/cartho-e1631005311761.jpg","type":"","width":"","height":""}],"twitter_card":"summary_large_image","twitter_misc":{"Dur\u00e9e de lecture estim\u00e9e":"4 minutes"},"schema":{"@context":"https:\/\/schema.org","@graph":[{"@type":"WebPage","@id":"https:\/\/ifdprdc.org\/index.php\/about-us\/","url":"https:\/\/ifdprdc.org\/index.php\/about-us\/","name":"A propos de nous - IFDP","isPartOf":{"@id":"https:\/\/ifdprdc.org\/#website"},"primaryImageOfPage":{"@id":"https:\/\/ifdprdc.org\/index.php\/about-us\/#primaryimage"},"image":{"@id":"https:\/\/ifdprdc.org\/index.php\/about-us\/#primaryimage"},"thumbnailUrl":"https:\/\/new.ifdp-africa.org\/wp-content\/uploads\/2021\/09\/cartho-e1631005311761.jpg","datePublished":"2021-03-09T09:03:37+00:00","breadcrumb":{"@id":"https:\/\/ifdprdc.org\/index.php\/about-us\/#breadcrumb"},"inLanguage":"fr-FR","potentialAction":[{"@type":"ReadAction","target":["https:\/\/ifdprdc.org\/index.php\/about-us\/"]}]},{"@type":"ImageObject","inLanguage":"fr-FR","@id":"https:\/\/ifdprdc.org\/index.php\/about-us\/#primaryimage","url":"https:\/\/new.ifdp-africa.org\/wp-content\/uploads\/2021\/09\/cartho-e1631005311761.jpg","contentUrl":"https:\/\/new.ifdp-africa.org\/wp-content\/uploads\/2021\/09\/cartho-e1631005311761.jpg"},{"@type":"BreadcrumbList","@id":"https:\/\/ifdprdc.org\/index.php\/about-us\/#breadcrumb","itemListElement":[{"@type":"ListItem","position":1,"name":"Accueil","item":"https:\/\/ifdprdc.org\/"},{"@type":"ListItem","position":2,"name":"A propos de nous"}]},{"@type":"WebSite","@id":"https:\/\/ifdprdc.org\/#website","url":"https:\/\/ifdprdc.org\/","name":"IFDP","description":"Innovation et Formation pour le Development et la Paix","publisher":{"@id":"https:\/\/ifdprdc.org\/#organization"},"potentialAction":[{"@type":"SearchAction","target":{"@type":"EntryPoint","urlTemplate":"https:\/\/ifdprdc.org\/?s={search_term_string}"},"query-input":{"@type":"PropertyValueSpecification","valueRequired":true,"valueName":"search_term_string"}}],"inLanguage":"fr-FR"},{"@type":"Organization","@id":"https:\/\/ifdprdc.org\/#organization","name":"IFDP","url":"https:\/\/ifdprdc.org\/","logo":{"@type":"ImageObject","inLanguage":"fr-FR","@id":"https:\/\/ifdprdc.org\/#\/schema\/logo\/image\/","url":"https:\/\/ifdprdc.org\/wp-content\/uploads\/2021\/09\/logo-ifdp.jpg","contentUrl":"https:\/\/ifdprdc.org\/wp-content\/uploads\/2021\/09\/logo-ifdp.jpg","width":438,"height":166,"caption":"IFDP"},"image":{"@id":"https:\/\/ifdprdc.org\/#\/schema\/logo\/image\/"}}]}},"_links":{"self":[{"href":"https:\/\/ifdprdc.org\/index.php\/wp-json\/wp\/v2\/pages\/11","targetHints":{"allow":["GET"]}}],"collection":[{"href":"https:\/\/ifdprdc.org\/index.php\/wp-json\/wp\/v2\/pages"}],"about":[{"href":"https:\/\/ifdprdc.org\/index.php\/wp-json\/wp\/v2\/types\/page"}],"author":[{"embeddable":true,"href":"https:\/\/ifdprdc.org\/index.php\/wp-json\/wp\/v2\/users\/2"}],"replies":[{"embeddable":true,"href":"https:\/\/ifdprdc.org\/index.php\/wp-json\/wp\/v2\/comments?post=11"}],"version-history":[{"count":0,"href":"https:\/\/ifdprdc.org\/index.php\/wp-json\/wp\/v2\/pages\/11\/revisions"}],"wp:attachment":[{"href":"https:\/\/ifdprdc.org\/index.php\/wp-json\/wp\/v2\/media?parent=11"}],"curies":[{"name":"wp","href":"https:\/\/api.w.org\/{rel}","templated":true}]}}