{"id":2646,"date":"2021-09-08T13:46:10","date_gmt":"2021-09-08T13:46:10","guid":{"rendered":"https:\/\/new.ifdp-africa.org\/?page_id=2646"},"modified":"2021-09-08T13:46:10","modified_gmt":"2021-09-08T13:46:10","slug":"governance-local","status":"publish","type":"page","link":"https:\/\/ifdprdc.org\/index.php\/governance-local\/","title":{"rendered":"Governance Local"},"content":{"rendered":"\n<p><strong>LA GOUVERNANCE LOCALE<\/strong>L\u2019organisation des sessions d\u2019information et de formation sur la d\u00e9centralisation et la gouvernance locale \u00e0 l\u2019intention les repr\u00e9sentants \u00e9tatiques, les organisations de la soci\u00e9t\u00e9 et le secteur priv\u00e9.<br \/>Le soutien technique et financier aux Entit\u00e9s Territoriales D\u00e9centralis\u00e9es (ETD) pour renforcer leurs capacit\u00e9s dans la r\u00e9alisation des budgets participatifs et des Plans local de D\u00e9veloppement<br \/>L\u2019organisation des \u00e9changes et des concertations inclusives pour instaurer une gestion transparente et participative des ressources locales au niveau des ETD.<br \/>La mise en place des m\u00e9canismes de suivi de l\u2019action publique au niveau des ETD (analyse du budget, nomenclature des taxes et imp\u00f4ts\u2026)<\/p>\n","protected":false},"excerpt":{"rendered":"<p>LA GOUVERNANCE LOCALEL\u2019organisation des sessions d\u2019information et de formation sur la d\u00e9centralisation et la gouvernance locale \u00e0 l\u2019intention les repr\u00e9sentants \u00e9tatiques, les organisations de la soci\u00e9t\u00e9 et le secteur priv\u00e9.Le soutien technique et financier aux Entit\u00e9s Territoriales D\u00e9centralis\u00e9es (ETD) pour renforcer leurs capacit\u00e9s dans la r\u00e9alisation des budgets participatifs et des Plans local de D\u00e9veloppementL\u2019organisation [&hellip;]<\/p>\n","protected":false},"author":2,"featured_media":0,"parent":0,"menu_order":0,"comment_status":"closed","ping_status":"closed","template":"","meta":{"footnotes":""},"class_list":["post-2646","page","type-page","status-publish","hentry"],"yoast_head":"<!-- This site is optimized with the Yoast SEO plugin v27.5 - https:\/\/yoast.com\/product\/yoast-seo-wordpress\/ -->\n<title>Governance Local - IFDP<\/title>\n<meta name=\"robots\" content=\"index, follow, max-snippet:-1, max-image-preview:large, max-video-preview:-1\" \/>\n<link rel=\"canonical\" href=\"https:\/\/ifdprdc.org\/index.php\/governance-local\/\" \/>\n<meta property=\"og:locale\" content=\"fr_FR\" \/>\n<meta property=\"og:type\" content=\"article\" \/>\n<meta property=\"og:title\" content=\"Governance Local - IFDP\" \/>\n<meta property=\"og:description\" content=\"LA GOUVERNANCE LOCALEL\u2019organisation des sessions d\u2019information et de formation sur la d\u00e9centralisation et la gouvernance locale \u00e0 l\u2019intention les repr\u00e9sentants \u00e9tatiques, les organisations de la soci\u00e9t\u00e9 et le secteur priv\u00e9.Le soutien technique et financier aux Entit\u00e9s Territoriales D\u00e9centralis\u00e9es (ETD) pour renforcer leurs capacit\u00e9s dans la r\u00e9alisation des budgets participatifs et des Plans local de D\u00e9veloppementL\u2019organisation [&hellip;]\" \/>\n<meta property=\"og:url\" content=\"https:\/\/ifdprdc.org\/index.php\/governance-local\/\" \/>\n<meta property=\"og:site_name\" content=\"IFDP\" \/>\n<meta name=\"twitter:card\" content=\"summary_large_image\" \/>\n<meta name=\"twitter:label1\" content=\"Dur\u00e9e de lecture estim\u00e9e\" \/>\n\t<meta name=\"twitter:data1\" content=\"1 minute\" \/>\n<script type=\"application\/ld+json\" class=\"yoast-schema-graph\">{\"@context\":\"https:\\\/\\\/schema.org\",\"@graph\":[{\"@type\":\"WebPage\",\"@id\":\"https:\\\/\\\/ifdprdc.org\\\/index.php\\\/governance-local\\\/\",\"url\":\"https:\\\/\\\/ifdprdc.org\\\/index.php\\\/governance-local\\\/\",\"name\":\"Governance Local - IFDP\",\"isPartOf\":{\"@id\":\"https:\\\/\\\/ifdprdc.org\\\/#website\"},\"datePublished\":\"2021-09-08T13:46:10+00:00\",\"breadcrumb\":{\"@id\":\"https:\\\/\\\/ifdprdc.org\\\/index.php\\\/governance-local\\\/#breadcrumb\"},\"inLanguage\":\"fr-FR\",\"potentialAction\":[{\"@type\":\"ReadAction\",\"target\":[\"https:\\\/\\\/ifdprdc.org\\\/index.php\\\/governance-local\\\/\"]}]},{\"@type\":\"BreadcrumbList\",\"@id\":\"https:\\\/\\\/ifdprdc.org\\\/index.php\\\/governance-local\\\/#breadcrumb\",\"itemListElement\":[{\"@type\":\"ListItem\",\"position\":1,\"name\":\"Accueil\",\"item\":\"https:\\\/\\\/ifdprdc.org\\\/\"},{\"@type\":\"ListItem\",\"position\":2,\"name\":\"Governance Local\"}]},{\"@type\":\"WebSite\",\"@id\":\"https:\\\/\\\/ifdprdc.org\\\/#website\",\"url\":\"https:\\\/\\\/ifdprdc.org\\\/\",\"name\":\"IFDP\",\"description\":\"Innovation et Formation pour le Development et la Paix\",\"publisher\":{\"@id\":\"https:\\\/\\\/ifdprdc.org\\\/#organization\"},\"potentialAction\":[{\"@type\":\"SearchAction\",\"target\":{\"@type\":\"EntryPoint\",\"urlTemplate\":\"https:\\\/\\\/ifdprdc.org\\\/?s={search_term_string}\"},\"query-input\":{\"@type\":\"PropertyValueSpecification\",\"valueRequired\":true,\"valueName\":\"search_term_string\"}}],\"inLanguage\":\"fr-FR\"},{\"@type\":\"Organization\",\"@id\":\"https:\\\/\\\/ifdprdc.org\\\/#organization\",\"name\":\"IFDP\",\"url\":\"https:\\\/\\\/ifdprdc.org\\\/\",\"logo\":{\"@type\":\"ImageObject\",\"inLanguage\":\"fr-FR\",\"@id\":\"https:\\\/\\\/ifdprdc.org\\\/#\\\/schema\\\/logo\\\/image\\\/\",\"url\":\"https:\\\/\\\/ifdprdc.org\\\/wp-content\\\/uploads\\\/2021\\\/09\\\/logo-ifdp.jpg\",\"contentUrl\":\"https:\\\/\\\/ifdprdc.org\\\/wp-content\\\/uploads\\\/2021\\\/09\\\/logo-ifdp.jpg\",\"width\":438,\"height\":166,\"caption\":\"IFDP\"},\"image\":{\"@id\":\"https:\\\/\\\/ifdprdc.org\\\/#\\\/schema\\\/logo\\\/image\\\/\"}}]}<\/script>\n<!-- \/ Yoast SEO plugin. -->","yoast_head_json":{"title":"Governance Local - IFDP","robots":{"index":"index","follow":"follow","max-snippet":"max-snippet:-1","max-image-preview":"max-image-preview:large","max-video-preview":"max-video-preview:-1"},"canonical":"https:\/\/ifdprdc.org\/index.php\/governance-local\/","og_locale":"fr_FR","og_type":"article","og_title":"Governance Local - IFDP","og_description":"LA GOUVERNANCE LOCALEL\u2019organisation des sessions d\u2019information et de formation sur la d\u00e9centralisation et la gouvernance locale \u00e0 l\u2019intention les repr\u00e9sentants \u00e9tatiques, les organisations de la soci\u00e9t\u00e9 et le secteur priv\u00e9.Le soutien technique et financier aux Entit\u00e9s Territoriales D\u00e9centralis\u00e9es (ETD) pour renforcer leurs capacit\u00e9s dans la r\u00e9alisation des budgets participatifs et des Plans local de D\u00e9veloppementL\u2019organisation [&hellip;]","og_url":"https:\/\/ifdprdc.org\/index.php\/governance-local\/","og_site_name":"IFDP","twitter_card":"summary_large_image","twitter_misc":{"Dur\u00e9e de lecture estim\u00e9e":"1 minute"},"schema":{"@context":"https:\/\/schema.org","@graph":[{"@type":"WebPage","@id":"https:\/\/ifdprdc.org\/index.php\/governance-local\/","url":"https:\/\/ifdprdc.org\/index.php\/governance-local\/","name":"Governance Local - IFDP","isPartOf":{"@id":"https:\/\/ifdprdc.org\/#website"},"datePublished":"2021-09-08T13:46:10+00:00","breadcrumb":{"@id":"https:\/\/ifdprdc.org\/index.php\/governance-local\/#breadcrumb"},"inLanguage":"fr-FR","potentialAction":[{"@type":"ReadAction","target":["https:\/\/ifdprdc.org\/index.php\/governance-local\/"]}]},{"@type":"BreadcrumbList","@id":"https:\/\/ifdprdc.org\/index.php\/governance-local\/#breadcrumb","itemListElement":[{"@type":"ListItem","position":1,"name":"Accueil","item":"https:\/\/ifdprdc.org\/"},{"@type":"ListItem","position":2,"name":"Governance Local"}]},{"@type":"WebSite","@id":"https:\/\/ifdprdc.org\/#website","url":"https:\/\/ifdprdc.org\/","name":"IFDP","description":"Innovation et Formation pour le Development et la Paix","publisher":{"@id":"https:\/\/ifdprdc.org\/#organization"},"potentialAction":[{"@type":"SearchAction","target":{"@type":"EntryPoint","urlTemplate":"https:\/\/ifdprdc.org\/?s={search_term_string}"},"query-input":{"@type":"PropertyValueSpecification","valueRequired":true,"valueName":"search_term_string"}}],"inLanguage":"fr-FR"},{"@type":"Organization","@id":"https:\/\/ifdprdc.org\/#organization","name":"IFDP","url":"https:\/\/ifdprdc.org\/","logo":{"@type":"ImageObject","inLanguage":"fr-FR","@id":"https:\/\/ifdprdc.org\/#\/schema\/logo\/image\/","url":"https:\/\/ifdprdc.org\/wp-content\/uploads\/2021\/09\/logo-ifdp.jpg","contentUrl":"https:\/\/ifdprdc.org\/wp-content\/uploads\/2021\/09\/logo-ifdp.jpg","width":438,"height":166,"caption":"IFDP"},"image":{"@id":"https:\/\/ifdprdc.org\/#\/schema\/logo\/image\/"}}]}},"_links":{"self":[{"href":"https:\/\/ifdprdc.org\/index.php\/wp-json\/wp\/v2\/pages\/2646","targetHints":{"allow":["GET"]}}],"collection":[{"href":"https:\/\/ifdprdc.org\/index.php\/wp-json\/wp\/v2\/pages"}],"about":[{"href":"https:\/\/ifdprdc.org\/index.php\/wp-json\/wp\/v2\/types\/page"}],"author":[{"embeddable":true,"href":"https:\/\/ifdprdc.org\/index.php\/wp-json\/wp\/v2\/users\/2"}],"replies":[{"embeddable":true,"href":"https:\/\/ifdprdc.org\/index.php\/wp-json\/wp\/v2\/comments?post=2646"}],"version-history":[{"count":0,"href":"https:\/\/ifdprdc.org\/index.php\/wp-json\/wp\/v2\/pages\/2646\/revisions"}],"wp:attachment":[{"href":"https:\/\/ifdprdc.org\/index.php\/wp-json\/wp\/v2\/media?parent=2646"}],"curies":[{"name":"wp","href":"https:\/\/api.w.org\/{rel}","templated":true}]}}