{"id":2653,"date":"2021-09-08T13:56:31","date_gmt":"2021-09-08T13:56:31","guid":{"rendered":"https:\/\/new.ifdp-africa.org\/?page_id=2653"},"modified":"2021-09-08T13:56:31","modified_gmt":"2021-09-08T13:56:31","slug":"realisations","status":"publish","type":"page","link":"https:\/\/ifdprdc.org\/index.php\/realisations\/","title":{"rendered":"R\u00e9alisations"},"content":{"rendered":"\n<p><strong><em>PROBLEMATIQUE FONCIERE<\/em><\/strong><\/p>\n\n\n\n<h5 class=\"wp-block-heading\"><em>A. SECURISATION FONCIERE<\/em><\/h5>\n\n\n\n<p>L\u2019IFDP poss\u00e8de une exp\u00e9rience de plus 7 ans dans la s\u00e9curisation fonci\u00e8re : <strong>(1)<\/strong> Entre 2008 &#8211; 2011, avec l\u2019appui de CORDAID, l\u2019IFDP en collaboration avec les communaut\u00e9s locales de Walungu et de K\u00e0bare, avait exp\u00e9riment\u00e9 les <strong>Contrats fonciers coutumiers<\/strong> ax\u00e9s sur les droits coutumiers issus du Kainzi (droit coutumier perp\u00e9tuel), le Bugule (vente), Bwime (h\u00e9ritage) et Bwasa (location). Il \u00e9tait question de permettre aussi \u00e0 la <strong>femme<\/strong> de n\u00e9gocier la terre en location sans l\u2019homme \u00e0 c\u00f4t\u00e9 et de pallier \u00e0 l\u2019inadaptation de la loi fonci\u00e8re en milieu coutumier. <strong>(2)<\/strong> En 2012, avec l\u2019appui de la Coop\u00e9ration Suisse-DDC, l\u2019IFDP a entrepris une \u00e9tude approfondie sur la probl\u00e9matique fonci\u00e8re dans la Chefferie de Kabare\u00a0 \u00e0 l\u2019issue de laquelle, un <strong>mod\u00e8le de gestion fonci\u00e8re d\u00e9centralis\u00e9e \u00e0 base coutumi\u00e8re<\/strong> a \u00e9t\u00e9 mis en place.<\/p>\n\n\n\n<p>(3) Depuis 2013, avec l\u2019appui de la Coop\u00e9ration Suisse, l\u2019IFDP exp\u00e9rimente ce dispositif dans les Groupements de Cirunga, Mumosho et Irhambi-Katana \u00e0 travers les travaux de reconnaissance group\u00e9e et syst\u00e9matique des parcelles (non titr\u00e9es) et vise \u00e0 clarifier et \u00e0 s\u00e9curiser les droits fonciers locaux (coutumiers). Les travaux techniques sont plac\u00e9s au niveau des Groupements (Cellules Techniques) et des Villages (Equipes de reconnaissance). Dans cette d\u00e9marche, la Chefferie est consid\u00e9r\u00e9e comme le niveau institutionnel d\u2019entr\u00e9e, tandis que la Province, le niveau juridique et politique. Un Service Foncier Local (SFL) a \u00e9t\u00e9 mis en place et est op\u00e9rationnel au niveau de la Chefferie. Plus de 2.000 parcelles paysannes ont \u00e9t\u00e9 reconnues jusqu\u2019\u00e0 ce jour et s\u2019inscrivent dans le processus de certification des droits constat\u00e9s sur terrain par la Chefferie. Ce travail sera soutenu par un Cadre juridique int\u00e9rimaire (Edit provincial) \u00e0 mettre en place par la Province en attendant l\u2019aboutissement du processus de la r\u00e9forme fonci\u00e8re en cours en RDC. Les travaux de reconnaissance est renforc\u00e9 par un processus de cartographie participative qui vise \u00e0 repr\u00e9senter les parcelles reconnues et non reconnues sur les cartes (sous-villages, Villages et Groupement).<\/p>\n\n\n\n<p><strong><em>B. TRANSFORMATION DES CONFLITS FONCIERS<\/em><\/strong><\/p>\n\n\n\n<p>Depuis 2007, pour transformer les conflits fonciers et am\u00e9liorer l\u2019acc\u00e8s \u00e0 la terre, l\u2019IFDP a recouru aux approches\/outils :<br \/>B.1. La Socioth\u00e9rapie qui vise \u00e0 (re)connecter des personnes ou des groupes affect\u00e9s par des crises ou des conflits, en vue de favoriser la r\u00e9conciliation, l\u2019am\u00e9lioration de la qualit\u00e9 des relations sociales, la r\u00e9duction des souffrances psychologiques, la vitalisation du Capital social (confiance) paralys\u00e9 par les conflits et la valorisation et la modernisation des traditions. Comme r\u00e9sultats\/changements : (1) Plus de 150.000 personnes ont chang\u00e9 positivement leur comportement conflictuel et d\u00e9cid\u00e9 de faire la paix (Kabare &amp; Walungu). (2) Gr\u00e2ce \u00e0 la Socioth\u00e9rapie, plusieurs victimes des violences sexuelles ont am\u00e9lior\u00e9 leur dignit\u00e9 et l\u2019estime de soi dans le Groupement de Mumosho (Kabare). (3) Les relations ses sont am\u00e9lior\u00e9es entre militaires au sein de leur Camp \u00e0 Nyangezi (Walungu) et entre ces derniers et les civils. (4) Plusieurs ONG ont \u00e9t\u00e9 renforc\u00e9es en Socioth\u00e9rapie par l\u2019IFDP : Centre Olame, CMM &amp; REMAK (Mwenga), FEDICONGO &amp; AVVDH (Uvira\u2013Fizi) et SOPROP (Nord-Kivu). (5) Plus de 4.000 cas de violences domestiques r\u00e9solus. (6) Plus de 5.000 acteurs locaux ont \u00e9t\u00e9 form\u00e9s en Socioth\u00e9rapie comme facilitateurs (volontaires), ce qui renforce les capacit\u00e9s locales de r\u00e9solution des conflits et de construire la paix. B.2. Les Groupes de R\u00e9flexion sur les questions fonci\u00e8res (GRF). Sont mis par les Villages en r\u00e9novant les anciens conseils villageois \u00e0 travers la repr\u00e9sentativit\u00e9 de toutes les couches socioprofessionnelles dans les Villages et surtout celle des femmes et des jeunes. Chaque GRF est compos\u00e9 de 15 \u00e0 20 personnes \u00e9lues d\u00e9mocratiquement par toute la population du village. Le chef de village est le mod\u00e9rateur ou mod\u00e9ratrice du GRF et 45% des membres sont des femmes et leurs opinions sont prises en compte.<\/p>\n\n\n\n<p>Il a pour principales t\u00e2ches, entre autres, de (1) faciliter la r\u00e9solution des conflits fonciers en utilisant les outils de la Socioth\u00e9rapie dans l\u2019approche \u00ab Gagnant\u2013gagnant \u00bb sans paiement, (2) promouvoir le dialogue social, (3) Monitorer la r\u00e9conciliation entre parties. (4) S\u2019investir dans les actions de d\u00e9veloppement local. Comme r\u00e9sultats\/changements : (1) 152 GRF se sont form\u00e9s \u00e0 Kabare dans les Groupements de Mumosho, Mudaka, Cirunga, Bugobe et Katana et Nyangezi (Walungu). (2) Gr\u00e2ce \u00e0 la Socioth\u00e9rapie, les GRF ont facilit\u00e9 le r\u00e8glement de plus 2.000 cas des conflits fonciers entre mai 2008 et octobre 2011 y compris des cas, vieux de plus de 40 ans. (3) Gr\u00e2ce aux GRF, les capacit\u00e9s des populations locales \u00e0 r\u00e9soudre elles m\u00eames les conflits fonciers ont \u00e9t\u00e9 renforc\u00e9 et a permis de r\u00e9duire sensiblement les dossiers au niveau des instances judiciaires. (4) L\u2019am\u00e9lioration du comportement des chefs locaux a permis de restaurer la confiance entre ces derniers et les paysans au niveau local. B.3. L\u2019Agriculture pour la Paix (AGRIPAX) : Cr\u00e9e un partenariat \u00ab gagnant-gagnant \u00bb entre les concessionnaires priv\u00e9s et les paysans \u00ab sans terres \u00bb ou les petits producteurs permettant \u00e0 ces derniers d\u2019acc\u00e9der chacun \u00e0 au moins \u00bd \u00e0 1 hectare dans ces concessions moyennant un contrat de location de terre \u00e0 longue dur\u00e9e (au moins 5 ans). Gr\u00e2ce \u00e0 l\u2019outil AGRIPAX, UPACO (Union des Producteurs Agricoles au Congo) a vu le jour et regroupe plus de 17 concessionnaires (5.000 hectares) et plus de 4000 m\u00e9nages paysans sans terres qui ont acc\u00e9d\u00e9 \u00e0 plus de 3500 hectares dans les concessions priv\u00e9es \u00e0 Kabare, Walungu et Kalehe. A travers cette d\u00e9marche, les concessionnaires et les petits producteurs se regroupent autour des noyaux coop\u00e9ratifs pour se cr\u00e9er des emplois et des revenus financiers agricoles, transformer durablement leur environnement et devenir progressivement des vrais producteurs capables de contribuer \u00e0 combattre la crise alimentaire, la malnutrition et la pauvret\u00e9 dans les milieux ruraux dans la province du Sud-Kivu.<\/p>\n\n\n\n<p><br \/><strong><em>C. ETUDE\/RECHERCHE SUR LE FONCIER<\/em><\/strong><\/p>\n\n\n\n<p><br \/>Depuis 2010, l\u2019IFDP a r\u00e9alis\u00e9, ou a particip\u00e9 ou encore est entrain de r\u00e9aliser plusieurs \u00e9tudes sur le foncier : (1) Deux \u00e9tudes sur la terre et les dynamiques des conflits \u00e0 Kabare et Ngweshe (Walungu) avec l\u2019appui de CORDAID. (2) Un diagnostic de la probl\u00e9matique fonci\u00e8re dans la Plaine de la Ruzizi (Uvira) au compte de l\u2019IFDC-Catalyst avec ses partenaires CRONGD et FOPAC\/Sud-Kivu dans le cadre du projet rizicole. (3) Etude sous-r\u00e9gionale sur la probl\u00e9matique des terres au Burundi, RDC et Rwanda avec CCFD-France. (4) une \u00e9tude approfondie sur la probl\u00e9matique fonci\u00e8re \u00e0 Kabare avec l\u2019appui de la Coop\u00e9ration Suisse-DDC. (5) Etude approfondie sur les moyens d\u2019existence (terres et for\u00eats) des peuples autochtones pygm\u00e9es dans la Province du Sud-Kivu avec l\u2019appui de Rainforest Foundation Norv\u00e8ge\u2026<\/p>\n\n\n\n<p><strong><em>ENVIRONNEMENT&amp; DEVELOPPEMENT DURABLE<\/em><\/strong><\/p>\n\n\n\n<p>Fin 2008 : \u00e0 cause de la d\u00e9gradation des sols et des nombreuses disputes sur des terres relativement encore fertiles \u00e0 Kabare et Walungu, a int\u00e9gr\u00e9 la question environnementale dans ses piliers th\u00e9matiques. En 2009, gr\u00e2ce au soutien de l\u2019IUCN-NL, l\u2019IFDP appuie les concertations organis\u00e9es par les GRF de Nyangezi (Walungu) sur les probl\u00e8mes du Businga (Boisement \u00e9tatique) et conduit une mission d\u2019\u00e9tude \u00e0 Kigoma (Tanzanie) compos\u00e9e de la Coordination provinciale de l\u2019Environnement, l\u2019Assembl\u00e9e Provinciale, le Chef de Groupement de Karhongo\/Nyangezi et un Expert forestier pour comprendre les strat\u00e9gies de conservation communautaire. En 2010 : l\u2019IFDP r\u00e9alise le Cin\u00e9ma Ecologique, un outil d\u2019\u00e9ducation environnementale \u00e0 destination des communaut\u00e9s locales, des acteurs de la Soci\u00e9t\u00e9 civile, des d\u00e9cideurs politiques et des acteurs internationaux et propose \u00e0 l\u2019Assembl\u00e9e Provinciale, un \u00e9dit sur l\u2019Environnement au Sud-Kivu qui sera adopt\u00e9 en octobre 2012 par les d\u00e9put\u00e9s provinciaux. De 2012 \u00e0 2015 : l\u2019IFDP a entrepris les actions visant \u00e0 prot\u00e9ger la biodiversit\u00e9 et \u00e0 \u00e9cologiser les \u00e9conomies locales suivantes gr\u00e2ce \u00e0 l\u2019appui financier de l\u2019IUCN-NL :<br \/>\uf0b7 Plus de 548.628 plantules de diff\u00e9rentes esp\u00e8ces ligneuses (y compris les agroforestiers) ont \u00e9t\u00e9 mises en terre sur plus de 151 hectares \u00e0 Kabare &amp; Walungu.<br \/>\uf0b7 Contribution technique et financier aux consultations populaires, \u00e0 l\u2019\u00e9tude socio-\u00e9conomique et \u00e0 l\u2019\u00e9laboration du Plan de D\u00e9veloppement Local de la Chefferie de Kabare (PDL 2013 \u2013 2017) en synergie avec Fauna &amp; Flora International appuy\u00e9 par le PACEBCO (sur financement de la Banque Africaine de D\u00e9veloppement) en appui au Parc National de Kahuzi-Biega (PNKB). Ce PDL int\u00e8gre \u00e9galement la s\u00e9curisation fonci\u00e8re, comme un de ses sept composantes.<br \/>A partir de 2013, l\u2019IFDP fournit des services (consultance) dans le volet foncier et social, \u00e0 travers les GRF, \u00e0 la Coordination provinciale de l\u2019Environnement avec le soutien financier de la GIZ\/DFS dans le cadre du projet de r\u00e9habilitation et de conservation du boisement \u00e9tatique de Businga (Walungu).<\/p>\n\n\n\n<p><strong><em>RESSOURCES MINIERES<\/em><\/strong><\/p>\n\n\n\n<p>En 2009, l\u2019IFDP a men\u00e9 un diagnostic sur le processus de d\u00e9localisation des populations en rapport avec l\u2019exploitation mini\u00e8re par la Soci\u00e9t\u00e9 BANRO dans le p\u00e9rim\u00e8tre de Twangiza (mining) \u00e0 Luhwindja, Burhinyi et Ngweshe sur fonds de revendication des droits fonciers sur le m\u00eame espace o\u00f9 l\u2019entreprise a obtenu un permis d\u2019exploration\/exploitation avec le soutien de 11.11.11. En 2012, avec le soutien de CORDAID, l\u2019IFDP a entrepris un projet d\u2019appui aux concertations entre les acteurs de la soci\u00e9t\u00e9 civile locale, les femmes et les creuseurs artisanaux et le r\u00e9tablissement du dialogue avec la soci\u00e9t\u00e9 Banro. En 2013, l\u2019IFDP m\u00e8ne un projet incluant l\u2019appui \u00e0 la reconversion des femmes jadis travailleuses dans les mines \u00e0 Mushinga et une \u00e9tude pour la mise au point de la situation actuelle de l\u2019exploitation mini\u00e8re \u00e0 Luhwindja et \u00e0 Mushinga et son impact sur les conditions de vie des populations locales.<\/p>\n\n\n\n<p><strong><em>GOUVERNANCE LOCALE &amp; DECENTRALISATION<\/em><\/strong><\/p>\n\n\n\n<p>En 2010, l\u2019IFDP a form\u00e9 plusieurs cadres des Chefferies de Ngweshe (Walungu) et de Kabare sur la D\u00e9centralisation, le budget participatif et le contra social : plus de 20 sessions de formation. En outre, elle a appuy\u00e9 la mise en place dans la Chefferie de Kabare, un Cadre de concertation pour la Paix et la D\u00e9centralisation (CCAD). En 2012, elle a r\u00e9alis\u00e9 une Etude sur la gouvernance locale dans les entit\u00e9s coutumi\u00e8res \u00e0 Kabare et Ngweshe.<br \/>Ses partenaires locaux et \u00e9trangers : Partenaires \u00e9trangers : CORDAID\/Hollande, IUCN\/Hollande, Coop\u00e9ration Suisse-DDC, International Alert, MIVA, FFI, IRCT\/Danemark, Rainforest Foundation Norway, SFCG\u2026Les ONG locales : H\u00e9ritiers de la Justice, RIO, APC, CEDAC, ICCN\/PNKB, les m\u00e9dias locaux, RFDP, CAPES, GAARK\u2026 Membres des r\u00e9seaux et Plates-formes ci-apr\u00e8s : Cercle d\u2019Echange des Partenaires des oeuvrant sur la construction de la Paix \u00e0 l\u2019Est du Congo (CEPC), RASALAC-Afrique Centrale, RECAAL, Dynamique Fonci\u00e8re Sous-r\u00e9gionale, Consortium IFDP-GAARK\u2013CAPES<\/p>\n","protected":false},"excerpt":{"rendered":"<p>PROBLEMATIQUE FONCIERE A. SECURISATION FONCIERE L\u2019IFDP poss\u00e8de une exp\u00e9rience de plus 7 ans dans la s\u00e9curisation fonci\u00e8re : (1) Entre 2008 &#8211; 2011, avec l\u2019appui de CORDAID, l\u2019IFDP en collaboration avec les communaut\u00e9s locales de Walungu et de K\u00e0bare, avait exp\u00e9riment\u00e9 les Contrats fonciers coutumiers ax\u00e9s sur les droits coutumiers issus du Kainzi (droit coutumier [&hellip;]<\/p>\n","protected":false},"author":2,"featured_media":0,"parent":0,"menu_order":0,"comment_status":"closed","ping_status":"closed","template":"","meta":{"footnotes":""},"class_list":["post-2653","page","type-page","status-publish","hentry"],"yoast_head":"<!-- This site is optimized with the Yoast SEO plugin v27.5 - https:\/\/yoast.com\/product\/yoast-seo-wordpress\/ -->\n<title>R\u00e9alisations - IFDP<\/title>\n<meta name=\"robots\" content=\"index, follow, max-snippet:-1, max-image-preview:large, max-video-preview:-1\" \/>\n<link rel=\"canonical\" href=\"https:\/\/ifdprdc.org\/index.php\/realisations\/\" \/>\n<meta property=\"og:locale\" content=\"fr_FR\" \/>\n<meta property=\"og:type\" content=\"article\" \/>\n<meta property=\"og:title\" content=\"R\u00e9alisations - IFDP\" \/>\n<meta property=\"og:description\" content=\"PROBLEMATIQUE FONCIERE A. SECURISATION FONCIERE L\u2019IFDP poss\u00e8de une exp\u00e9rience de plus 7 ans dans la s\u00e9curisation fonci\u00e8re : (1) Entre 2008 &#8211; 2011, avec l\u2019appui de CORDAID, l\u2019IFDP en collaboration avec les communaut\u00e9s locales de Walungu et de K\u00e0bare, avait exp\u00e9riment\u00e9 les Contrats fonciers coutumiers ax\u00e9s sur les droits coutumiers issus du Kainzi (droit coutumier [&hellip;]\" \/>\n<meta property=\"og:url\" content=\"https:\/\/ifdprdc.org\/index.php\/realisations\/\" \/>\n<meta property=\"og:site_name\" content=\"IFDP\" \/>\n<meta name=\"twitter:card\" content=\"summary_large_image\" \/>\n<meta name=\"twitter:label1\" content=\"Dur\u00e9e de lecture estim\u00e9e\" \/>\n\t<meta name=\"twitter:data1\" content=\"8 minutes\" \/>\n<script type=\"application\/ld+json\" class=\"yoast-schema-graph\">{\"@context\":\"https:\\\/\\\/schema.org\",\"@graph\":[{\"@type\":\"WebPage\",\"@id\":\"https:\\\/\\\/ifdprdc.org\\\/index.php\\\/realisations\\\/\",\"url\":\"https:\\\/\\\/ifdprdc.org\\\/index.php\\\/realisations\\\/\",\"name\":\"R\u00e9alisations - IFDP\",\"isPartOf\":{\"@id\":\"https:\\\/\\\/ifdprdc.org\\\/#website\"},\"datePublished\":\"2021-09-08T13:56:31+00:00\",\"breadcrumb\":{\"@id\":\"https:\\\/\\\/ifdprdc.org\\\/index.php\\\/realisations\\\/#breadcrumb\"},\"inLanguage\":\"fr-FR\",\"potentialAction\":[{\"@type\":\"ReadAction\",\"target\":[\"https:\\\/\\\/ifdprdc.org\\\/index.php\\\/realisations\\\/\"]}]},{\"@type\":\"BreadcrumbList\",\"@id\":\"https:\\\/\\\/ifdprdc.org\\\/index.php\\\/realisations\\\/#breadcrumb\",\"itemListElement\":[{\"@type\":\"ListItem\",\"position\":1,\"name\":\"Accueil\",\"item\":\"https:\\\/\\\/ifdprdc.org\\\/\"},{\"@type\":\"ListItem\",\"position\":2,\"name\":\"R\u00e9alisations\"}]},{\"@type\":\"WebSite\",\"@id\":\"https:\\\/\\\/ifdprdc.org\\\/#website\",\"url\":\"https:\\\/\\\/ifdprdc.org\\\/\",\"name\":\"IFDP\",\"description\":\"Innovation et Formation pour le Development et la Paix\",\"publisher\":{\"@id\":\"https:\\\/\\\/ifdprdc.org\\\/#organization\"},\"potentialAction\":[{\"@type\":\"SearchAction\",\"target\":{\"@type\":\"EntryPoint\",\"urlTemplate\":\"https:\\\/\\\/ifdprdc.org\\\/?s={search_term_string}\"},\"query-input\":{\"@type\":\"PropertyValueSpecification\",\"valueRequired\":true,\"valueName\":\"search_term_string\"}}],\"inLanguage\":\"fr-FR\"},{\"@type\":\"Organization\",\"@id\":\"https:\\\/\\\/ifdprdc.org\\\/#organization\",\"name\":\"IFDP\",\"url\":\"https:\\\/\\\/ifdprdc.org\\\/\",\"logo\":{\"@type\":\"ImageObject\",\"inLanguage\":\"fr-FR\",\"@id\":\"https:\\\/\\\/ifdprdc.org\\\/#\\\/schema\\\/logo\\\/image\\\/\",\"url\":\"https:\\\/\\\/ifdprdc.org\\\/wp-content\\\/uploads\\\/2021\\\/09\\\/logo-ifdp.jpg\",\"contentUrl\":\"https:\\\/\\\/ifdprdc.org\\\/wp-content\\\/uploads\\\/2021\\\/09\\\/logo-ifdp.jpg\",\"width\":438,\"height\":166,\"caption\":\"IFDP\"},\"image\":{\"@id\":\"https:\\\/\\\/ifdprdc.org\\\/#\\\/schema\\\/logo\\\/image\\\/\"}}]}<\/script>\n<!-- \/ Yoast SEO plugin. -->","yoast_head_json":{"title":"R\u00e9alisations - IFDP","robots":{"index":"index","follow":"follow","max-snippet":"max-snippet:-1","max-image-preview":"max-image-preview:large","max-video-preview":"max-video-preview:-1"},"canonical":"https:\/\/ifdprdc.org\/index.php\/realisations\/","og_locale":"fr_FR","og_type":"article","og_title":"R\u00e9alisations - IFDP","og_description":"PROBLEMATIQUE FONCIERE A. SECURISATION FONCIERE L\u2019IFDP poss\u00e8de une exp\u00e9rience de plus 7 ans dans la s\u00e9curisation fonci\u00e8re : (1) Entre 2008 &#8211; 2011, avec l\u2019appui de CORDAID, l\u2019IFDP en collaboration avec les communaut\u00e9s locales de Walungu et de K\u00e0bare, avait exp\u00e9riment\u00e9 les Contrats fonciers coutumiers ax\u00e9s sur les droits coutumiers issus du Kainzi (droit coutumier [&hellip;]","og_url":"https:\/\/ifdprdc.org\/index.php\/realisations\/","og_site_name":"IFDP","twitter_card":"summary_large_image","twitter_misc":{"Dur\u00e9e de lecture estim\u00e9e":"8 minutes"},"schema":{"@context":"https:\/\/schema.org","@graph":[{"@type":"WebPage","@id":"https:\/\/ifdprdc.org\/index.php\/realisations\/","url":"https:\/\/ifdprdc.org\/index.php\/realisations\/","name":"R\u00e9alisations - IFDP","isPartOf":{"@id":"https:\/\/ifdprdc.org\/#website"},"datePublished":"2021-09-08T13:56:31+00:00","breadcrumb":{"@id":"https:\/\/ifdprdc.org\/index.php\/realisations\/#breadcrumb"},"inLanguage":"fr-FR","potentialAction":[{"@type":"ReadAction","target":["https:\/\/ifdprdc.org\/index.php\/realisations\/"]}]},{"@type":"BreadcrumbList","@id":"https:\/\/ifdprdc.org\/index.php\/realisations\/#breadcrumb","itemListElement":[{"@type":"ListItem","position":1,"name":"Accueil","item":"https:\/\/ifdprdc.org\/"},{"@type":"ListItem","position":2,"name":"R\u00e9alisations"}]},{"@type":"WebSite","@id":"https:\/\/ifdprdc.org\/#website","url":"https:\/\/ifdprdc.org\/","name":"IFDP","description":"Innovation et Formation pour le Development et la Paix","publisher":{"@id":"https:\/\/ifdprdc.org\/#organization"},"potentialAction":[{"@type":"SearchAction","target":{"@type":"EntryPoint","urlTemplate":"https:\/\/ifdprdc.org\/?s={search_term_string}"},"query-input":{"@type":"PropertyValueSpecification","valueRequired":true,"valueName":"search_term_string"}}],"inLanguage":"fr-FR"},{"@type":"Organization","@id":"https:\/\/ifdprdc.org\/#organization","name":"IFDP","url":"https:\/\/ifdprdc.org\/","logo":{"@type":"ImageObject","inLanguage":"fr-FR","@id":"https:\/\/ifdprdc.org\/#\/schema\/logo\/image\/","url":"https:\/\/ifdprdc.org\/wp-content\/uploads\/2021\/09\/logo-ifdp.jpg","contentUrl":"https:\/\/ifdprdc.org\/wp-content\/uploads\/2021\/09\/logo-ifdp.jpg","width":438,"height":166,"caption":"IFDP"},"image":{"@id":"https:\/\/ifdprdc.org\/#\/schema\/logo\/image\/"}}]}},"_links":{"self":[{"href":"https:\/\/ifdprdc.org\/index.php\/wp-json\/wp\/v2\/pages\/2653","targetHints":{"allow":["GET"]}}],"collection":[{"href":"https:\/\/ifdprdc.org\/index.php\/wp-json\/wp\/v2\/pages"}],"about":[{"href":"https:\/\/ifdprdc.org\/index.php\/wp-json\/wp\/v2\/types\/page"}],"author":[{"embeddable":true,"href":"https:\/\/ifdprdc.org\/index.php\/wp-json\/wp\/v2\/users\/2"}],"replies":[{"embeddable":true,"href":"https:\/\/ifdprdc.org\/index.php\/wp-json\/wp\/v2\/comments?post=2653"}],"version-history":[{"count":0,"href":"https:\/\/ifdprdc.org\/index.php\/wp-json\/wp\/v2\/pages\/2653\/revisions"}],"wp:attachment":[{"href":"https:\/\/ifdprdc.org\/index.php\/wp-json\/wp\/v2\/media?parent=2653"}],"curies":[{"name":"wp","href":"https:\/\/api.w.org\/{rel}","templated":true}]}}